{"id":1049,"date":"2026-02-09T17:22:42","date_gmt":"2026-02-09T16:22:42","guid":{"rendered":"https:\/\/gisproves.com\/politica-de-galetes\/"},"modified":"2026-03-26T17:14:26","modified_gmt":"2026-03-26T16:14:26","slug":"politica-de-galetes","status":"publish","type":"page","link":"https:\/\/grusco.cat\/ca\/politica-de-galetes\/","title":{"rendered":"Pol\u00edtica de galetes"},"content":{"rendered":"<div class=\"et_pb_section_0 et_pb_section et_section_regular et_flex_section\"><div class=\"et_pb_row_0 et_pb_row et_flex_row\"><div class=\"et_pb_column_0 et_pb_column et-last-child et_flex_column et_pb_css_mix_blend_mode_passthrough et_flex_column_24_24 et_flex_column_24_24_tablet et_flex_column_24_24_phone\"><div class=\"et_pb_text_0 et_pb_text et_pb_bg_layout_light et_pb_module et_flex_module\"><div class=\"et_pb_text_inner\"><p><!-- wp:heading {\"level\":3} --><\/p>\n<h3 class=\"wp-block-heading\"><strong>1.- ANTECEDENTS<\/strong><\/h3>\n<p><!-- \/wp:heading --><\/p>\n<p><!-- wp:paragraph --><\/p>\n<p>De conformitat amb la normativa espanyola que regula l'\u00fas de galetes en relaci\u00f3 amb la prestaci\u00f3 de serveis de comunicacions electr\u00f2niques, recollida en l'article 22.2 de la Llei 34\/2002, d'11 de juliol, de serveis de la societat de la informaci\u00f3 i de comer\u00e7 electr\u00f2nic, us informem sobre les galetes utilitzades al lloc web d'Agr\u00edcola del Camp SCCL i el motiu del seu \u00fas.<\/p>\n<p><!-- \/wp:paragraph --><\/p>\n<p><!-- wp:paragraph --><\/p>\n<p><strong>2.- QU\u00c8 S\u00d3N LES GALETES?<\/strong><\/p>\n<p><!-- \/wp:paragraph --><\/p>\n<p><!-- wp:paragraph --><\/p>\n<p>Una galeta \u00e9s un fitxer que es descarrega al vostre ordinador en accedir a determinades p\u00e0gines web. Les galetes permeten a una p\u00e0gina web, entre altres coses, emmagatzemar i recuperar informaci\u00f3 sobre els h\u00e0bits de navegaci\u00f3 d'un usuari o del seu equip i, depenent de la informaci\u00f3 que continguin i de la forma en qu\u00e8 utilitzeu el vostre equip, poden utilitzar-se per recon\u00e8ixer l'usuari. Les galetes s'associen \u00fanicament a un usuari an\u00f2nim i al seu ordinador o dispositiu i no proporcionen refer\u00e8ncies que permetin con\u00e8ixer les seves dades personals. <\/p>\n<p><!-- \/wp:paragraph --><\/p>\n<p><!-- wp:paragraph --><\/p>\n<p><strong>3.- TIPUS DE GALETES<\/strong><\/p>\n<p><!-- \/wp:paragraph --><\/p>\n<p><!-- wp:paragraph --><\/p>\n<p><strong>3.1.- Segons l\u2019entitat que les gestiona<\/strong><\/p>\n<p><!-- \/wp:paragraph --><\/p>\n<p><!-- wp:paragraph --><\/p>\n<p>a.- <strong>Galetes pr\u00f2pies<\/strong>: S\u00f3n aquelles que s'envien a l'equip terminal de l'usuari des d'un equip o domini gestionat pel propi editor i des del qual es presta el servei sol\u00b7licitat per l'usuari.<\/p>\n<p><!-- \/wp:paragraph --><\/p>\n<p><!-- wp:paragraph --><\/p>\n<p>b.- <strong>Galetes de tercers<\/strong>: S\u00f3n aquelles que s'envien a l'equip terminal de l'usuari des d'un equip o domini que no \u00e9s gestionat per l'editor, sin\u00f3 per una altra entitat que tracta les dades obtingudes a trav\u00e9s de les galetes.<\/p>\n<p><!-- \/wp:paragraph --><\/p>\n<p><!-- wp:paragraph --><\/p>\n<p><strong>3.2.- Segons la finalitat<\/strong><\/p>\n<p><!-- \/wp:paragraph --><\/p>\n<p><!-- wp:paragraph --><\/p>\n<p>Hi ha moltes finalitats per a l\u2019\u00fas de les galetes. Segons la finalitat per a la qual es tractin les dades obtingudes a trav\u00e9s de les galetes, algunes de les finalitats poden ser: <\/p>\n<p><!-- \/wp:paragraph --><\/p>\n<p><!-- wp:paragraph --><\/p>\n<p><strong>a) Galetes t\u00e8cniques:<\/strong>&nbsp;s\u00f3n aquelles que permeten a l'usuari la navegaci\u00f3 a trav\u00e9s d'una p\u00e0gina web, plataforma o aplicaci\u00f3 i la utilitzaci\u00f3 de les diferents opcions o serveis que hi existeixin, incloent-hi aquelles que l'editor utilitza per permetre la gesti\u00f3 i operativa de la p\u00e0gina web i habilitar les seves funcions i serveis, com ara, per exemple, controlar el tr\u00e0nsit i la comunicaci\u00f3 de dades, identificar la sessi\u00f3, accedir a parts d'acc\u00e9s restringit, recordar els elements que integren una comanda, dur a terme el proc\u00e9s de compra d'una comanda, gestionar el pagament, controlar el frau vinculat a la seguretat del servei, fer la sol\u00b7licitud d'inscripci\u00f3 o participaci\u00f3 en un esdeveniment, comptar visites a efectes de la facturaci\u00f3 de llic\u00e8ncies del programari amb el qual funciona el servei (lloc web,&nbsp;  plataforma o aplicaci\u00f3), utilitzar elements de seguretat durant la navegaci\u00f3, emmagatzemar continguts per a la difusi\u00f3 de v\u00eddeos o so, habilitar continguts din\u00e0mics (per exemple, animaci\u00f3 de c\u00e0rrega d'un text o imatge) o compartir continguts a trav\u00e9s de xarxes socials.<\/p>\n<p><!-- \/wp:paragraph --><\/p>\n<p><!-- wp:paragraph --><\/p>\n<p>Les galetes t\u00e8cniques estaran exemptes del compliment de les obligacions establertes a l\u2019article 22.2 de la LSSI quan permetin prestar el servei sol\u00b7licitat per l\u2019usuari, com passa en el cas de les galetes enumerades als par\u00e0grafs anteriors. Tanmateix, si aquestes galetes tamb\u00e9 s\u2019utilitzen per a finalitats no exemptes (per exemple, per a fins publicitaris comportamentals), quedaran subjectes a aquestes obligacions. <\/p>\n<p><!-- \/wp:paragraph --><\/p>\n<p><!-- wp:paragraph --><\/p>\n<p><strong>b) Galetes de prefer\u00e8ncies o personalitzaci\u00f3<\/strong>: s\u00f3n aquelles que permeten recordar informaci\u00f3 perqu\u00e8 l\u2019usuari accedeixi al servei amb determinades caracter\u00edstiques que poden diferenciar la seva experi\u00e8ncia de la d\u2019altres usuaris, com, per exemple, l\u2019idioma, el nombre de resultats a mostrar quan l\u2019usuari fa una cerca, l\u2019aspecte o contingut del servei en funci\u00f3 del tipus de navegador a trav\u00e9s del qual l\u2019usuari accedeix al servei o de la regi\u00f3 des de la qual hi accedeix, etc.<\/p>\n<p><!-- \/wp:paragraph --><\/p>\n<p><!-- wp:paragraph --><\/p>\n<p>Si \u00e9s el mateix usuari qui tria aquestes caracter\u00edstiques (per exemple, si selecciona l\u2019idioma d\u2019un lloc web fent clic a la icona de la bandera del pa\u00eds corresponent), les galetes estaran exemptes de les obligacions de l\u2019article 22.2 de la LSSI per considerar-se un servei expressament sol\u00b7licitat per l\u2019usuari, i aix\u00f2 sempre que les galetes responguin exclusivament a la finalitat seleccionada.<\/p>\n<p><!-- \/wp:paragraph --><\/p>\n<p><!-- wp:paragraph --><\/p>\n<p><strong>c) Galetes d'an\u00e0lisi o mesurament:<\/strong> s\u00f3n aquelles que permeten al responsable de les mateixes el seguiment i an\u00e0lisi del comportament dels usuaris dels llocs web als quals estan vinculades, inclosa la quantificaci\u00f3 dels impactes dels anuncis. La informaci\u00f3 recollida mitjan\u00e7ant aquest tipus de galetes s'utilitza en el mesurament de l'activitat dels llocs web, aplicaci\u00f3 o plataforma, amb la finalitat d'introduir millores en funci\u00f3 de l'an\u00e0lisi de les dades d'\u00fas que fan els usuaris del servei. <\/p>\n<p><!-- \/wp:paragraph --><\/p>\n<p><!-- wp:paragraph --><\/p>\n<p><strong>d) Galetes de publicitat comportamental:<\/strong> s\u00f3n aquelles que emmagatzemen informaci\u00f3 del comportament dels usuaris obtinguda a trav\u00e9s de l'observaci\u00f3 continuada dels seus h\u00e0bits de navegaci\u00f3, cosa que permet desenvolupar un perfil espec\u00edfic per mostrar publicitat en funci\u00f3 del mateix.<\/p>\n<p><!-- \/wp:paragraph --><\/p>\n<p><!-- wp:paragraph --><\/p>\n<p><strong>3.3.- Segons el termini de temps que romanen activades<\/strong><\/p>\n<p><!-- \/wp:paragraph --><\/p>\n<p><!-- wp:paragraph --><\/p>\n<p><strong>a) Galetes de sessi\u00f3:<\/strong> s\u00f3n aquelles dissenyades per recaptar i emmagatzemar dades mentre l'usuari accedeix a una p\u00e0gina web. Se solen emprar per emmagatzemar informaci\u00f3 que nom\u00e9s interessa conservar per a la prestaci\u00f3 del servei sol\u00b7licitat per l'usuari en una sola ocasi\u00f3 (per exemple, una llista de productes adquirits) i desapareixen en finalitzar la sessi\u00f3. <\/p>\n<p><!-- \/wp:paragraph --><\/p>\n<p><!-- wp:paragraph --><\/p>\n<p><strong>b) Galetes persistents:<\/strong> s\u00f3n aquelles en les quals les dades segueixen emmagatzemades al terminal i poden ser accedides i tractades durant un per\u00edode definit pel responsable de la galeta, i que pot anar d'uns minuts a diversos anys.<\/p>\n<p><!-- \/wp:paragraph --><\/p>\n<p><!-- wp:paragraph --><\/p>\n<p><strong>4.- LLISTAT DE GALETES UTILITZADES PER AQUEST LLOC WEB<\/strong><\/p>\n<p><!-- \/wp:paragraph --><\/p>\n<p><!-- wp:paragraph --><\/p>\n<p>La utilitzaci\u00f3 de les galetes ofereix avantatges en la prestaci\u00f3 de serveis dins del que es coneix com la societat de la informaci\u00f3, at\u00e8s que facilita a l'usuari la navegaci\u00f3 i l'acc\u00e9s als diferents serveis que ofereix aquest lloc web; evita a l'usuari haver de configurar les caracter\u00edstiques generals predefinides cada vegada que accedeix al lloc web; afavoreix la millora del funcionament i dels serveis prestats a trav\u00e9s d'aquest lloc web, despr\u00e9s de la corresponent an\u00e0lisi de la informaci\u00f3 obtinguda a trav\u00e9s de les galetes instal\u00b7lades.<\/p>\n<p><!-- \/wp:paragraph --><\/p>\n<p><!-- wp:paragraph --><\/p>\n<p>En concret, aquest lloc web utilitza les galetes seg\u00fcents:<\/p>\n<p><!-- \/wp:paragraph --><\/p>\n<p><!-- wp:paragraph --><\/p>\n<p>Les galetes pr\u00f2pies utilitzades s\u00f3n de naturalesa t\u00e8cnica per al correcte funcionament del web. En concret, s\u00f3n les seg\u00fcents: <\/p>\n<p><!-- \/wp:paragraph --><\/p>\n<p><!-- wp:table --><\/p>\n<figure class=\"wp-block-table\">\n<table class=\"has-fixed-layout\">\n<tbody>\n<tr>\n<td>Nom<\/td>\n<td>Pr\u00f2pia\/Tercers<\/td>\n<td>Tipus de galeta<\/td>\n<td>Descripci\u00f3 de la finalitat de la galeta<\/td>\n<td>Temps de conservaci\u00f3<\/td>\n<\/tr>\n<tr>\n<td>prestashop03e<\/td>\n<td>Pr\u00f2pia<\/td>\n<td>Funcional<\/td>\n<td>Permet accedir a les dades com a usuari<\/td>\n<td>20 dies<\/td>\n<\/tr>\n<tr>\n<td>prestashopdab<\/td>\n<td>Pr\u00f2pia<\/td>\n<td>Funcional<\/td>\n<td>Recorda les prefer\u00e8ncies d'usuari<\/td>\n<td>20 dies<\/td>\n<\/tr>\n<tr>\n<td>phpsessid<\/td>\n<td>Pr\u00f2pia<\/td>\n<td>Funcional<\/td>\n<td>Proporcionar funcions de navegaci\u00f3 a les diferents p\u00e0gines del lloc web<\/td>\n<td>En finalitzar la sessi\u00f3<\/td>\n<\/tr>\n<tr>\n<td>__lglaw<\/td>\n<td>Pr\u00f2pia<\/td>\n<td>Funcional<\/td>\n<td>Gesti\u00f3 del m\u00f2dul de galetes<\/td>\n<td>12 mesos<\/td>\n<\/tr>\n<tr>\n<td>_ga<\/td>\n<td>Pr\u00f2pia<\/td>\n<td>Funcional\/Anal\u00edtica<\/td>\n<td>Anal\u00edtiques an\u00f2nimes de navegaci\u00f3<\/td>\n<td>24 mesos<\/td>\n<\/tr>\n<tr>\n<td>_gid<\/td>\n<td>Pr\u00f2pia<\/td>\n<td>Funcional\/Anal\u00edtica<\/td>\n<td>Comptar i fer un seguiment an\u00f2nim de les p\u00e0gines visitades<\/td>\n<td>2 dies<\/td>\n<\/tr>\n<\/tbody>\n<\/table>\n<\/figure>\n<p><!-- \/wp:table --><\/p>\n<p><!-- wp:paragraph --><\/p>\n<p>Podeu permetre, bloquejar o eliminar les galetes instal\u00b7lades al vostre equip mitjan\u00e7ant la configuraci\u00f3 de les opcions del navegador instal\u00b7lat al vostre ordinador; en cas que no permeteu la instal\u00b7laci\u00f3 de galetes al vostre navegador, \u00e9s possible que no pugueu accedir a alguna de les seccions del nostre web.<\/p>\n<p><!-- \/wp:paragraph --><\/p>\n<p><!-- wp:paragraph --><\/p>\n<p><a href=\"https:\/\/grusco.cat\/es\/2_cosenia\"><\/a><\/p>\n<p><!-- \/wp:paragraph --><\/p>\n<p><!-- wp:paragraph --><\/p>\n<p><a href=\"https:\/\/grusco.cat\/es\/5_freginals\"><\/a><\/p>\n<p><!-- \/wp:paragraph --><\/p>\n<p><!-- wp:paragraph --><\/p>\n<p><a href=\"https:\/\/grusco.cat\/es\/1_grusco\"><\/a><\/p>\n<p><!-- \/wp:paragraph --><\/p>\n<p><!-- wp:paragraph --><\/p>\n<p><a href=\"https:\/\/grusco.cat\/es\/4_iberolei\"><\/a><\/p>\n<p><!-- \/wp:paragraph --><\/p>\n<p><!-- wp:paragraph --><\/p>\n<p><a href=\"https:\/\/grusco.cat\/es\/3_olisat\"><\/a><\/p>\n<p><!-- \/wp:paragraph --><\/p>\n<\/div><\/div><\/div><\/div><\/div>","protected":false},"excerpt":{"rendered":"","protected":false},"author":2,"featured_media":0,"parent":0,"menu_order":7,"comment_status":"closed","ping_status":"closed","template":"","meta":{"footnotes":""},"class_list":["post-1049","page","type-page","status-publish","hentry"],"_links":{"self":[{"href":"https:\/\/grusco.cat\/ca\/wp-json\/wp\/v2\/pages\/1049","targetHints":{"allow":["GET"]}}],"collection":[{"href":"https:\/\/grusco.cat\/ca\/wp-json\/wp\/v2\/pages"}],"about":[{"href":"https:\/\/grusco.cat\/ca\/wp-json\/wp\/v2\/types\/page"}],"author":[{"embeddable":true,"href":"https:\/\/grusco.cat\/ca\/wp-json\/wp\/v2\/users\/2"}],"replies":[{"embeddable":true,"href":"https:\/\/grusco.cat\/ca\/wp-json\/wp\/v2\/comments?post=1049"}],"version-history":[{"count":3,"href":"https:\/\/grusco.cat\/ca\/wp-json\/wp\/v2\/pages\/1049\/revisions"}],"predecessor-version":[{"id":1324,"href":"https:\/\/grusco.cat\/ca\/wp-json\/wp\/v2\/pages\/1049\/revisions\/1324"}],"wp:attachment":[{"href":"https:\/\/grusco.cat\/ca\/wp-json\/wp\/v2\/media?parent=1049"}],"curies":[{"name":"wp","href":"https:\/\/api.w.org\/{rel}","templated":true}]}}