{"id":1000,"date":"2017-10-25T06:38:16","date_gmt":"2017-10-25T04:38:16","guid":{"rendered":"https:\/\/gisproves.com\/producto\/oli-doliva-verge-1-litre\/"},"modified":"2026-04-18T14:26:33","modified_gmt":"2026-04-18T12:26:33","slug":"oli-doliva-verge-1-litre","status":"publish","type":"product","link":"https:\/\/grusco.cat\/ca\/producte\/oli-doliva-verge-1-litre\/","title":{"rendered":"Oli d&#8217;oliva verge 1 litre"},"content":{"rendered":"<p>PER CADA 100 ML<\/p>\n<p>VALOR ENERG\u00c8TIC: 3386 KJ \/ 824 KCAL<\/p>\n<p>PROTE\u00cfNES: 0 G<\/p>\n<p>HIDRATS DE CARBONI TOTALS: 0 GRAMS<\/p>\n<p>SAL: 0 GRAMS<\/p>\n<p>GREIXOS<\/p>\n<ul>\n<li>GREIXOS TOTALS: 91,5 GRAMS<\/li>\n<li>\u00c0CIDS GRASSOS SATURATS: 14,2 GRAMS<\/li>\n<li>\u00c0CIDS GRASSOS MONOINSATURATS: 68,4 GRAMS<\/li>\n<li>\u00c0CIDS GRASSOS POLIINSATURATS: 8,9 GRAMS<\/li>\n<\/ul>\n","protected":false},"excerpt":{"rendered":"<p>PER CADA 100 ML VALOR ENERG\u00c8TIC: 3386 KJ \/ 824 KCAL PROTE\u00cfNES: 0 G HIDRATS DE CARBONI TOTALS: 0 GRAMS SAL: 0 GRAMS GREIXOS GREIXOS TOTALS: 91,5 GRAMS \u00c0CIDS GRASSOS SATURATS: 14,2 GRAMS \u00c0CIDS GRASSOS MONOINSATURATS: 68,4 GRAMS \u00c0CIDS GRASSOS POLIINSATURATS: 8,9 GRAMS<\/p>\n","protected":false},"featured_media":1001,"comment_status":"open","ping_status":"closed","template":"","meta":[],"product_brand":[],"product_cat":[58,64],"product_tag":[],"class_list":{"0":"post-1000","1":"product","2":"type-product","3":"status-publish","4":"has-post-thumbnail","6":"product_cat-oli-doliva","7":"product_cat-verge","8":"product_shipping_class-oli","10":"first","11":"instock","12":"taxable","13":"shipping-taxable","14":"purchasable","15":"product-type-simple"},"_links":{"self":[{"href":"https:\/\/grusco.cat\/ca\/wp-json\/wp\/v2\/product\/1000","targetHints":{"allow":["GET"]}}],"collection":[{"href":"https:\/\/grusco.cat\/ca\/wp-json\/wp\/v2\/product"}],"about":[{"href":"https:\/\/grusco.cat\/ca\/wp-json\/wp\/v2\/types\/product"}],"replies":[{"embeddable":true,"href":"https:\/\/grusco.cat\/ca\/wp-json\/wp\/v2\/comments?post=1000"}],"wp:featuredmedia":[{"embeddable":true,"href":"https:\/\/grusco.cat\/ca\/wp-json\/wp\/v2\/media\/1001"}],"wp:attachment":[{"href":"https:\/\/grusco.cat\/ca\/wp-json\/wp\/v2\/media?parent=1000"}],"wp:term":[{"taxonomy":"product_brand","embeddable":true,"href":"https:\/\/grusco.cat\/ca\/wp-json\/wp\/v2\/product_brand?post=1000"},{"taxonomy":"product_cat","embeddable":true,"href":"https:\/\/grusco.cat\/ca\/wp-json\/wp\/v2\/product_cat?post=1000"},{"taxonomy":"product_tag","embeddable":true,"href":"https:\/\/grusco.cat\/ca\/wp-json\/wp\/v2\/product_tag?post=1000"}],"curies":[{"name":"wp","href":"https:\/\/api.w.org\/{rel}","templated":true}]}}