{"id":1003,"date":"2017-10-25T06:38:16","date_gmt":"2017-10-25T04:38:16","guid":{"rendered":"https:\/\/gisproves.com\/producto\/oli-doliva-verge-extra-5-litres\/"},"modified":"2026-03-30T16:03:51","modified_gmt":"2026-03-30T14:03:51","slug":"oli-doliva-verge-extra-5-litres","status":"publish","type":"product","link":"https:\/\/grusco.cat\/ca\/producte\/oli-doliva-verge-extra-5-litres\/","title":{"rendered":"Oli d\u2019oliva verge extra 5 litres"},"content":{"rendered":"<p>PER 100 GR<\/p>\n<p>VALOR ENERG\u00c8TIC 3700KJ\/900KCAL<\/p>\n<p>PROTE\u00cfNES 0 GRAMS<\/p>\n<p>HIDRATS DE CARBONI 0 GRAMS<\/p>\n<p>COLESTEROL 0 MG<\/p>\n<p>SAL 0 MG<\/p>\n<p>GREIXOS<\/p>\n<ul>\n<li>TOTALS 100 GRAMS<\/li>\n<li>\u00c0CIDS GRASSOS SATURATS 15,4 GRAMS<\/li>\n<li>\u00c0CIDS GRASSOS MONOINSATURATS 78,6 GRAMS<\/li>\n<li>\u00c0CIDS GRASSOS POLIINSATURATS 6 GRAMS<\/li>\n<li>GREIXOS TRANS &lt;0,1 GRAMS<\/li>\n<\/ul>\n<p>CONSERVAR A RECER DE LA LLUM I FONTS DE CALOR<\/p>\n","protected":false},"excerpt":{"rendered":"<p>PER 100 GR VALOR ENERG\u00c8TIC 3700KJ\/900KCAL PROTE\u00cfNES 0 GRAMS HIDRATS DE CARBONI 0 GRAMS COLESTEROL 0 MG SAL 0 MG GREIXOS TOTALS 100 GRAMS \u00c0CIDS GRASSOS SATURATS 15,4 GRAMS \u00c0CIDS GRASSOS MONOINSATURATS 78,6 GRAMS \u00c0CIDS GRASSOS POLIINSATURATS 6 GRAMS GREIXOS TRANS &lt;0,1 GRAMS CONSERVAR A RECER DE LA LLUM I FONTS DE CALOR<\/p>\n","protected":false},"featured_media":1088,"comment_status":"open","ping_status":"closed","template":"","meta":[],"product_brand":[],"product_cat":[58,65],"product_tag":[],"class_list":{"0":"post-1003","1":"product","2":"type-product","3":"status-publish","4":"has-post-thumbnail","6":"product_cat-oli-doliva","7":"product_cat-verge-extra","8":"product_shipping_class-oli","10":"first","11":"instock","12":"taxable","13":"shipping-taxable","14":"purchasable","15":"product-type-simple"},"_links":{"self":[{"href":"https:\/\/grusco.cat\/ca\/wp-json\/wp\/v2\/product\/1003","targetHints":{"allow":["GET"]}}],"collection":[{"href":"https:\/\/grusco.cat\/ca\/wp-json\/wp\/v2\/product"}],"about":[{"href":"https:\/\/grusco.cat\/ca\/wp-json\/wp\/v2\/types\/product"}],"replies":[{"embeddable":true,"href":"https:\/\/grusco.cat\/ca\/wp-json\/wp\/v2\/comments?post=1003"}],"wp:featuredmedia":[{"embeddable":true,"href":"https:\/\/grusco.cat\/ca\/wp-json\/wp\/v2\/media\/1088"}],"wp:attachment":[{"href":"https:\/\/grusco.cat\/ca\/wp-json\/wp\/v2\/media?parent=1003"}],"wp:term":[{"taxonomy":"product_brand","embeddable":true,"href":"https:\/\/grusco.cat\/ca\/wp-json\/wp\/v2\/product_brand?post=1003"},{"taxonomy":"product_cat","embeddable":true,"href":"https:\/\/grusco.cat\/ca\/wp-json\/wp\/v2\/product_cat?post=1003"},{"taxonomy":"product_tag","embeddable":true,"href":"https:\/\/grusco.cat\/ca\/wp-json\/wp\/v2\/product_tag?post=1003"}],"curies":[{"name":"wp","href":"https:\/\/api.w.org\/{rel}","templated":true}]}}