{"id":1069,"date":"2026-02-09T17:22:42","date_gmt":"2026-02-09T16:22:42","guid":{"rendered":"https:\/\/gisproves.com\/politique-de-cookies\/"},"modified":"2026-03-26T17:12:24","modified_gmt":"2026-03-26T16:12:24","slug":"politique-de-cookies","status":"publish","type":"page","link":"https:\/\/grusco.cat\/fr\/politique-de-cookies\/","title":{"rendered":"Politique de cookies"},"content":{"rendered":"<div class=\"et_pb_section_0 et_pb_section et_section_regular et_flex_section\"><div class=\"et_pb_row_0 et_pb_row et_flex_row\"><div class=\"et_pb_column_0 et_pb_column et-last-child et_flex_column et_pb_css_mix_blend_mode_passthrough et_flex_column_24_24 et_flex_column_24_24_tablet et_flex_column_24_24_phone\"><div class=\"et_pb_text_0 et_pb_text et_pb_bg_layout_light et_pb_module et_flex_module\"><div class=\"et_pb_text_inner\"><p><!-- wp:heading {\"level\":3} --><\/p>\n<h3 class=\"wp-block-heading\"><strong>1.- CONTEXTE<\/strong><\/h3>\n<p><!-- \/wp:heading --><\/p>\n<p><!-- wp:paragraph --><\/p>\n<p>Conform\u00e9ment \u00e0 la r\u00e9glementation espagnole r\u00e9gissant l'utilisation des cookies en relation avec la fourniture de services de communications \u00e9lectroniques, \u00e9nonc\u00e9e \u00e0 l'article 22.2 de la loi 34\/2002 du 11 juillet relative aux services de la soci\u00e9t\u00e9 de l'information et au commerce \u00e9lectronique, nous vous informons des cookies utilis\u00e9s sur le site web d'Agricola del Camp SCCL et de leur finalit\u00e9.<\/p>\n<p><!-- \/wp:paragraph --><\/p>\n<p><!-- wp:paragraph --><\/p>\n<p><strong>2.- QUE SONT LES COOKIES ?<\/strong><\/p>\n<p><!-- \/wp:paragraph --><\/p>\n<p><!-- wp:paragraph --><\/p>\n<p>Un cookie est un fichier qui se t\u00e9l\u00e9charge sur votre ordinateur lorsque vous acc\u00e9dez \u00e0 certaines pages web. Les cookies permettent \u00e0 une page web, entre autres, de stocker et de r\u00e9cup\u00e9rer des informations sur les habitudes de navigation d'un utilisateur ou de son \u00e9quipement et, selon les informations qu'ils contiennent et la mani\u00e8re dont vous utilisez votre \u00e9quipement, ils peuvent \u00eatre utilis\u00e9s pour reconna\u00eetre l'utilisateur. Les cookies sont uniquement associ\u00e9s \u00e0 un utilisateur anonyme et \u00e0 son ordinateur ou appareil et ne fournissent pas de r\u00e9f\u00e9rences permettant de conna\u00eetre ses donn\u00e9es personnelles. <\/p>\n<p><!-- \/wp:paragraph --><\/p>\n<p><!-- wp:paragraph --><\/p>\n<p><strong>3.- TYPES DE COOKIES<\/strong><\/p>\n<p><!-- \/wp:paragraph --><\/p>\n<p><!-- wp:paragraph --><\/p>\n<p><strong>3.1.- Selon l'entit\u00e9 qui les g\u00e8re<\/strong><\/p>\n<p><!-- \/wp:paragraph --><\/p>\n<p><!-- wp:paragraph --><\/p>\n<p>a.- <strong>Cookies propres<\/strong> : ce sont ceux qui sont envoy\u00e9s \u00e0 l'\u00e9quipement terminal de l'utilisateur depuis un \u00e9quipement ou un domaine g\u00e9r\u00e9 par l'\u00e9diteur lui-m\u00eame et \u00e0 partir duquel le service demand\u00e9 par l'utilisateur est fourni.<\/p>\n<p><!-- \/wp:paragraph --><\/p>\n<p><!-- wp:paragraph --><\/p>\n<p>b.- <strong>Cookies tiers<\/strong> : ce sont ceux qui sont envoy\u00e9s \u00e0 l'\u00e9quipement terminal de l'utilisateur depuis un \u00e9quipement ou un domaine qui n'est pas g\u00e9r\u00e9 par l'\u00e9diteur, mais par une autre entit\u00e9 qui traite les donn\u00e9es obtenues via les cookies.<\/p>\n<p><!-- \/wp:paragraph --><\/p>\n<p><!-- wp:paragraph --><\/p>\n<p><strong>3.2.- Selon la finalit\u00e9<\/strong><\/p>\n<p><!-- \/wp:paragraph --><\/p>\n<p><!-- wp:paragraph --><\/p>\n<p>Il existe de nombreuses finalit\u00e9s pour l'utilisation des cookies. Selon la finalit\u00e9 pour laquelle les donn\u00e9es obtenues via les cookies sont trait\u00e9es, certaines des finalit\u00e9s peuvent \u00eatre : <\/p>\n<p><!-- \/wp:paragraph --><\/p>\n<p><!-- wp:paragraph --><\/p>\n<p><strong>a) Cookies techniques :<\/strong>&nbsp;ce sont ceux qui permettent \u00e0 l'utilisateur de naviguer sur une page web, une plateforme ou une application et d'utiliser les diff\u00e9rentes options ou services qui y existent, y compris ceux que l'\u00e9diteur utilise pour permettre la gestion et le fonctionnement de la page web et activer ses fonctions et services, comme par exemple contr\u00f4ler le trafic et la communication de donn\u00e9es, identifier la session, acc\u00e9der \u00e0 des parties \u00e0 acc\u00e8s restreint, m\u00e9moriser les \u00e9l\u00e9ments qui composent une commande, effectuer le processus d'achat d'une commande, g\u00e9rer le paiement, contr\u00f4ler la fraude li\u00e9e \u00e0 la s\u00e9curit\u00e9 du service, effectuer la demande d'inscription ou de participation \u00e0 un \u00e9v\u00e9nement, compter les visites aux fins de facturation des licences du logiciel avec lequel fonctionne le service (site web,&nbsp;  plateforme ou application), utiliser des \u00e9l\u00e9ments de s\u00e9curit\u00e9 pendant la navigation, stocker des contenus pour la diffusion de vid\u00e9os ou de sons, activer des contenus dynamiques (par exemple, animation de chargement d'un texte ou d'une image) ou partager des contenus via les r\u00e9seaux sociaux.<\/p>\n<p><!-- \/wp:paragraph --><\/p>\n<p><!-- wp:paragraph --><\/p>\n<p>Les cookies techniques seront exempt\u00e9s du respect des obligations \u00e9tablies \u00e0 l'article 22.2 de la LSSI lorsqu'ils permettent de fournir le service demand\u00e9 par l'utilisateur, comme c'est le cas pour les cookies \u00e9num\u00e9r\u00e9s dans les paragraphes pr\u00e9c\u00e9dents. Toutefois, si ces cookies sont \u00e9galement utilis\u00e9s \u00e0 des fins non exempt\u00e9es (par exemple, \u00e0 des fins publicitaires comportementales), ils seront soumis \u00e0 ces obligations. <\/p>\n<p><!-- \/wp:paragraph --><\/p>\n<p><!-- wp:paragraph --><\/p>\n<p><strong>b) Cookies de pr\u00e9f\u00e9rences ou de personnalisation<\/strong> : ce sont ceux qui permettent de m\u00e9moriser des informations afin que l'utilisateur acc\u00e8de au service avec certaines caract\u00e9ristiques pouvant diff\u00e9rencier son exp\u00e9rience de celle d'autres utilisateurs, comme, par exemple, la langue, le nombre de r\u00e9sultats \u00e0 afficher lorsque l'utilisateur effectue une recherche, l'apparence ou le contenu du service en fonction du type de navigateur par lequel l'utilisateur acc\u00e8de au service ou de la r\u00e9gion depuis laquelle il acc\u00e8de au service, etc.<\/p>\n<p><!-- \/wp:paragraph --><\/p>\n<p><!-- wp:paragraph --><\/p>\n<p>Si c'est l'utilisateur lui-m\u00eame qui choisit ces caract\u00e9ristiques (par exemple, s'il s\u00e9lectionne la langue d'un site web en cliquant sur l'ic\u00f4ne du drapeau du pays correspondant), les cookies seront exempt\u00e9s des obligations de l'article 22.2 de la LSSI car ils sont consid\u00e9r\u00e9s comme un service express\u00e9ment demand\u00e9 par l'utilisateur, et ce \u00e0 condition que les cookies r\u00e9pondent exclusivement \u00e0 la finalit\u00e9 s\u00e9lectionn\u00e9e.<\/p>\n<p><!-- \/wp:paragraph --><\/p>\n<p><!-- wp:paragraph --><\/p>\n<p><strong>c) Cookies d'analyse ou de mesure :<\/strong> ce sont ceux qui permettent au responsable de ceux-ci le suivi et l'analyse du comportement des utilisateurs des sites web auxquels ils sont li\u00e9s, y compris la quantification des impacts des annonces. Les informations recueillies au moyen de ce type de cookies sont utilis\u00e9es pour mesurer l'activit\u00e9 des sites web, applications ou plateformes, afin d'introduire des am\u00e9liorations en fonction de l'analyse des donn\u00e9es d'utilisation que font les utilisateurs du service. <\/p>\n<p><!-- \/wp:paragraph --><\/p>\n<p><!-- wp:paragraph --><\/p>\n<p><strong>d) Cookies de publicit\u00e9 comportementale :<\/strong> ce sont ceux qui stockent des informations sur le comportement des utilisateurs obtenues par l'observation continue de leurs habitudes de navigation, ce qui permet de d\u00e9velopper un profil sp\u00e9cifique pour afficher de la publicit\u00e9 en fonction de celui-ci.<\/p>\n<p><!-- \/wp:paragraph --><\/p>\n<p><!-- wp:paragraph --><\/p>\n<p><strong>3.3.- Selon la dur\u00e9e pendant laquelle ils restent activ\u00e9s<\/strong><\/p>\n<p><!-- \/wp:paragraph --><\/p>\n<p><!-- wp:paragraph --><\/p>\n<p><strong>a) Cookies de session :<\/strong> ce sont ceux con\u00e7us pour recueillir et stocker des donn\u00e9es pendant que l'utilisateur acc\u00e8de \u00e0 une page web. Ils sont g\u00e9n\u00e9ralement utilis\u00e9s pour stocker des informations qu'il est uniquement int\u00e9ressant de conserver pour la fourniture du service demand\u00e9 par l'utilisateur en une seule occasion (par exemple, une liste de produits achet\u00e9s) et disparaissent \u00e0 la fin de la session. <\/p>\n<p><!-- \/wp:paragraph --><\/p>\n<p><!-- wp:paragraph --><\/p>\n<p><strong>b) Cookies persistants :<\/strong> ce sont ceux dans lesquels les donn\u00e9es restent stock\u00e9es dans le terminal et peuvent \u00eatre consult\u00e9es et trait\u00e9es pendant une p\u00e9riode d\u00e9finie par le responsable du cookie, qui peut aller de quelques minutes \u00e0 plusieurs ann\u00e9es.<\/p>\n<p><!-- \/wp:paragraph --><\/p>\n<p><!-- wp:paragraph --><\/p>\n<p><strong>4.- LISTE DES COOKIES UTILIS\u00c9S PAR CE SITE WEB<\/strong><\/p>\n<p><!-- \/wp:paragraph --><\/p>\n<p><!-- wp:paragraph --><\/p>\n<p>L'utilisation des cookies offre des avantages dans la fourniture de services dans le cadre de ce que l'on appelle la soci\u00e9t\u00e9 de l'information, puisqu'elle facilite \u00e0 l'utilisateur la navigation et l'acc\u00e8s aux diff\u00e9rents services qu'offre ce site web ; \u00e9vite \u00e0 l'utilisateur d'avoir \u00e0 configurer les caract\u00e9ristiques g\u00e9n\u00e9rales pr\u00e9d\u00e9finies chaque fois qu'il acc\u00e8de au site web ; favorise l'am\u00e9lioration du fonctionnement et des services fournis via ce site web, apr\u00e8s l'analyse correspondante des informations obtenues via les cookies install\u00e9s.<\/p>\n<p><!-- \/wp:paragraph --><\/p>\n<p><!-- wp:paragraph --><\/p>\n<p>Concr\u00e8tement, ce site web utilise les cookies suivants :<\/p>\n<p><!-- \/wp:paragraph --><\/p>\n<p><!-- wp:paragraph --><\/p>\n<p>Les cookies propres utilis\u00e9s sont de nature technique pour le bon fonctionnement du site web. Concr\u00e8tement, ce sont les suivants : <\/p>\n<p><!-- \/wp:paragraph --><\/p>\n<p><!-- wp:table --><\/p>\n<figure class=\"wp-block-table\">\n<table class=\"has-fixed-layout\">\n<tbody>\n<tr>\n<td>Nom<\/td>\n<td>Propre\/Tiers<\/td>\n<td>Type de cookie<\/td>\n<td>Description de la finalit\u00e9 du cookie<\/td>\n<td>Dur\u00e9e de conservation<\/td>\n<\/tr>\n<tr>\n<td>prestashop03e<\/td>\n<td>Propre<\/td>\n<td>Fonctionnel<\/td>\n<td>Permet d'acc\u00e9der aux donn\u00e9es en tant qu'utilisateur<\/td>\n<td>20 jours<\/td>\n<\/tr>\n<tr>\n<td>prestashopdab<\/td>\n<td>Propre<\/td>\n<td>Fonctionnel<\/td>\n<td>M\u00e9morise les pr\u00e9f\u00e9rences de l'utilisateur<\/td>\n<td>20 jours<\/td>\n<\/tr>\n<tr>\n<td>phpsessid<\/td>\n<td>Propre<\/td>\n<td>Fonctionnel<\/td>\n<td>Fournir des fonctions de navigation sur les diff\u00e9rentes pages du site web<\/td>\n<td>\u00c0 la fin de la session<\/td>\n<\/tr>\n<tr>\n<td>__lglaw<\/td>\n<td>Propre<\/td>\n<td>Fonctionnel<\/td>\n<td>Gestion du module de cookies<\/td>\n<td>12 mois<\/td>\n<\/tr>\n<tr>\n<td>_ga<\/td>\n<td>Propre<\/td>\n<td>Fonctionnel\/Analytique<\/td>\n<td>Analyses anonymes de navigation<\/td>\n<td>24 mois<\/td>\n<\/tr>\n<tr>\n<td>_gid<\/td>\n<td>Propre<\/td>\n<td>Fonctionnel\/Analytique<\/td>\n<td>Compter et effectuer un suivi anonyme des pages visit\u00e9es<\/td>\n<td>2 jours<\/td>\n<\/tr>\n<\/tbody>\n<\/table>\n<\/figure>\n<p><!-- \/wp:table --><\/p>\n<p><!-- wp:paragraph --><\/p>\n<p>Vous pouvez autoriser, bloquer ou supprimer les cookies install\u00e9s sur votre \u00e9quipement en configurant les options du navigateur install\u00e9 sur votre ordinateur. Si vous n'autorisez pas l'installation de cookies dans votre navigateur, il est possible que vous ne puissiez pas acc\u00e9der \u00e0 certaines sections de notre site web.<\/p>\n<p><!-- \/wp:paragraph --><\/p>\n<p><!-- wp:paragraph --><\/p>\n<p><a href=\"https:\/\/grusco.cat\/es\/2_cosenia\"><\/a><\/p>\n<p><!-- \/wp:paragraph --><\/p>\n<p><!-- wp:paragraph --><\/p>\n<p><a href=\"https:\/\/grusco.cat\/es\/5_freginals\"><\/a><\/p>\n<p><!-- \/wp:paragraph --><\/p>\n<p><!-- wp:paragraph --><\/p>\n<p><a href=\"https:\/\/grusco.cat\/es\/1_grusco\"><\/a><\/p>\n<p><!-- \/wp:paragraph --><\/p>\n<p><!-- wp:paragraph --><\/p>\n<p><a href=\"https:\/\/grusco.cat\/es\/4_iberolei\"><\/a><\/p>\n<p><!-- \/wp:paragraph --><\/p>\n<p><!-- wp:paragraph --><\/p>\n<p><a href=\"https:\/\/grusco.cat\/es\/3_olisat\"><\/a><\/p>\n<p><!-- \/wp:paragraph --><\/p>\n<\/div><\/div><\/div><\/div><\/div>","protected":false},"excerpt":{"rendered":"","protected":false},"author":2,"featured_media":0,"parent":0,"menu_order":7,"comment_status":"closed","ping_status":"closed","template":"","meta":{"footnotes":""},"class_list":["post-1069","page","type-page","status-publish","hentry"],"_links":{"self":[{"href":"https:\/\/grusco.cat\/fr\/wp-json\/wp\/v2\/pages\/1069","targetHints":{"allow":["GET"]}}],"collection":[{"href":"https:\/\/grusco.cat\/fr\/wp-json\/wp\/v2\/pages"}],"about":[{"href":"https:\/\/grusco.cat\/fr\/wp-json\/wp\/v2\/types\/page"}],"author":[{"embeddable":true,"href":"https:\/\/grusco.cat\/fr\/wp-json\/wp\/v2\/users\/2"}],"replies":[{"embeddable":true,"href":"https:\/\/grusco.cat\/fr\/wp-json\/wp\/v2\/comments?post=1069"}],"version-history":[{"count":3,"href":"https:\/\/grusco.cat\/fr\/wp-json\/wp\/v2\/pages\/1069\/revisions"}],"predecessor-version":[{"id":1316,"href":"https:\/\/grusco.cat\/fr\/wp-json\/wp\/v2\/pages\/1069\/revisions\/1316"}],"wp:attachment":[{"href":"https:\/\/grusco.cat\/fr\/wp-json\/wp\/v2\/media?parent=1069"}],"curies":[{"name":"wp","href":"https:\/\/api.w.org\/{rel}","templated":true}]}}