{"id":1009,"date":"2022-06-30T13:51:40","date_gmt":"2022-06-30T11:51:40","guid":{"rendered":"https:\/\/gisproves.com\/producto\/coffret-en-bois-avec-deux-unites-diberolei-anfora-750-ml\/"},"modified":"2026-03-30T16:02:00","modified_gmt":"2026-03-30T14:02:00","slug":"coffret-en-bois-avec-deux-unites-diberolei-anfora-750-ml","status":"publish","type":"product","link":"https:\/\/grusco.cat\/fr\/producto\/coffret-en-bois-avec-deux-unites-diberolei-anfora-750-ml\/","title":{"rendered":"Coffret en bois avec deux unit\u00e9s d\u2019Iberolei Anfora 750 ml"},"content":{"rendered":"<p style=\"margin-top: 0px; margin-bottom: 1rem; font-size: 16px; line-height: 26px; font-family: Lato, Arial, sans-serif; background-color: #ffffff;\">POUR 100 G<\/p>\n<p style=\"margin-top: 0px; margin-bottom: 1rem; font-size: 16px; line-height: 26px; font-family: Lato, Arial, sans-serif; background-color: #ffffff;\">VALEUR \u00c9NERG\u00c9TIQUE 3700 KJ\/900 KCAL<\/p>\n<p style=\"margin-top: 0px; margin-bottom: 1rem; font-size: 16px; line-height: 26px; font-family: Lato, Arial, sans-serif; background-color: #ffffff;\">PROT\u00c9INES 0 GRAMME<\/p>\n<p style=\"margin-top: 0px; margin-bottom: 1rem; font-size: 16px; line-height: 26px; font-family: Lato, Arial, sans-serif; background-color: #ffffff;\">GLUCIDES 0 GRAMME<\/p>\n<p style=\"margin-top: 0px; margin-bottom: 1rem; font-size: 16px; line-height: 26px; font-family: Lato, Arial, sans-serif; background-color: #ffffff;\">CHOLEST\u00c9ROL 0 MG<\/p>\n<p style=\"margin-top: 0px; margin-bottom: 1rem; font-size: 16px; line-height: 26px; font-family: Lato, Arial, sans-serif; background-color: #ffffff;\">SEL 0 MG<\/p>\n<p style=\"margin-top: 0px; margin-bottom: 1rem; font-size: 16px; line-height: 26px; font-family: Lato, Arial, sans-serif; background-color: #ffffff;\">MATI\u00c8RES GRASSES<\/p>\n<ul style=\"margin-bottom: 1rem; margin-top: 0px; list-style: none; padding-left: 0px; font-family: Lato, Arial, sans-serif; font-size: 16px; background-color: #ffffff;\">\n<li>TOTALES 100 GRAMMES<\/li>\n<li>ACIDES GRAS SATUR\u00c9S 16,9 GRAMMES<\/li>\n<li>ACIDES GRAS MONOINSATUR\u00c9S 71 GRAMMES<\/li>\n<li>ACIDES GRAS POLYINSATUR\u00c9S 12,1 GRAMMES<\/li>\n<li>ACIDES GRAS TRANS &lt;0,1 GRAMME<\/li>\n<\/ul>\n<p style=\"margin-top: 0px; margin-bottom: 1rem; font-size: 16px; line-height: 26px; font-family: Lato, Arial, sans-serif; background-color: #ffffff;\">CONSERVER \u00c0 L&rsquo;ABRI DE LA LUMI\u00c8RE ET DES SOURCES DE CHALEUR<\/p>\n","protected":false},"excerpt":{"rendered":"<p>Coffret en bois avec deux unit\u00e9s d\u2019Iberolei Anfora 750 ml. <a href=\"https:\/\/www.dopbaixebremontsia.com\/\">Appellation d&rsquo;Origine Prot\u00e9g\u00e9e Baix Ebre Montsi\u00e0<\/a><\/p>\n","protected":false},"featured_media":1011,"comment_status":"open","ping_status":"closed","template":"","meta":[],"product_brand":[],"product_cat":[60,61],"product_tag":[],"class_list":{"0":"post-1009","1":"product","2":"type-product","3":"status-publish","4":"has-post-thumbnail","6":"product_cat-huile-dolive","7":"product_cat-vierge-extra-aop-baix-ebre-montsia","8":"product_shipping_class-huile","10":"first","11":"instock","12":"taxable","13":"shipping-taxable","14":"purchasable","15":"product-type-simple"},"_links":{"self":[{"href":"https:\/\/grusco.cat\/fr\/wp-json\/wp\/v2\/product\/1009","targetHints":{"allow":["GET"]}}],"collection":[{"href":"https:\/\/grusco.cat\/fr\/wp-json\/wp\/v2\/product"}],"about":[{"href":"https:\/\/grusco.cat\/fr\/wp-json\/wp\/v2\/types\/product"}],"replies":[{"embeddable":true,"href":"https:\/\/grusco.cat\/fr\/wp-json\/wp\/v2\/comments?post=1009"}],"wp:featuredmedia":[{"embeddable":true,"href":"https:\/\/grusco.cat\/fr\/wp-json\/wp\/v2\/media\/1011"}],"wp:attachment":[{"href":"https:\/\/grusco.cat\/fr\/wp-json\/wp\/v2\/media?parent=1009"}],"wp:term":[{"taxonomy":"product_brand","embeddable":true,"href":"https:\/\/grusco.cat\/fr\/wp-json\/wp\/v2\/product_brand?post=1009"},{"taxonomy":"product_cat","embeddable":true,"href":"https:\/\/grusco.cat\/fr\/wp-json\/wp\/v2\/product_cat?post=1009"},{"taxonomy":"product_tag","embeddable":true,"href":"https:\/\/grusco.cat\/fr\/wp-json\/wp\/v2\/product_tag?post=1009"}],"curies":[{"name":"wp","href":"https:\/\/api.w.org\/{rel}","templated":true}]}}