{"id":1012,"date":"2017-10-25T06:38:20","date_gmt":"2017-10-25T04:38:20","guid":{"rendered":"https:\/\/gisproves.com\/producto\/huile-dolive-vierge-5-litres-2\/"},"modified":"2026-03-30T16:01:57","modified_gmt":"2026-03-30T14:01:57","slug":"huile-dolive-vierge-5-litres-2","status":"publish","type":"product","link":"https:\/\/grusco.cat\/fr\/producto\/huile-dolive-vierge-5-litres-2\/","title":{"rendered":"Huile d&rsquo;olive vierge 5 litres"},"content":{"rendered":"<p>POUR 100 ML<\/p>\n<p>VALEUR \u00c9NERG\u00c9TIQUE : 3386 KJ \/ 824 KCAL<\/p>\n<p>PROT\u00c9INES : 0 G<\/p>\n<p>GLUCIDES TOTAUX : 0 GRAMME<\/p>\n<p>SEL : 0 GRAMME<\/p>\n<p>MATI\u00c8RES GRASSES<\/p>\n<ul>\n<li>MATI\u00c8RES GRASSES TOTALES : 91,5 GRAMMES<\/li>\n<li>ACIDES GRAS SATUR\u00c9S : 14,2 GRAMMES<\/li>\n<li>ACIDES GRAS MONOINSATUR\u00c9S : 68,4 GRAMMES<\/li>\n<li>ACIDES GRAS POLYINSATUR\u00c9S : 8,9 GRAMMES<\/li>\n<\/ul>\n","protected":false},"excerpt":{"rendered":"<p>POUR 100 ML VALEUR \u00c9NERG\u00c9TIQUE : 3386 KJ \/ 824 KCAL PROT\u00c9INES : 0 G GLUCIDES TOTAUX : 0 GRAMME SEL : 0 GRAMME MATI\u00c8RES GRASSES MATI\u00c8RES GRASSES TOTALES : 91,5 GRAMMES ACIDES GRAS SATUR\u00c9S : 14,2 GRAMMES ACIDES GRAS MONOINSATUR\u00c9S : 68,4 GRAMMES ACIDES GRAS POLYINSATUR\u00c9S : 8,9 GRAMMES<\/p>\n","protected":false},"featured_media":1014,"comment_status":"open","ping_status":"closed","template":"","meta":[],"product_brand":[],"product_cat":[60,67],"product_tag":[],"class_list":{"0":"post-1012","1":"product","2":"type-product","3":"status-publish","4":"has-post-thumbnail","6":"product_cat-huile-dolive","7":"product_cat-vierge","8":"product_shipping_class-huile","10":"first","11":"instock","12":"taxable","13":"shipping-taxable","14":"purchasable","15":"product-type-simple"},"_links":{"self":[{"href":"https:\/\/grusco.cat\/fr\/wp-json\/wp\/v2\/product\/1012","targetHints":{"allow":["GET"]}}],"collection":[{"href":"https:\/\/grusco.cat\/fr\/wp-json\/wp\/v2\/product"}],"about":[{"href":"https:\/\/grusco.cat\/fr\/wp-json\/wp\/v2\/types\/product"}],"replies":[{"embeddable":true,"href":"https:\/\/grusco.cat\/fr\/wp-json\/wp\/v2\/comments?post=1012"}],"wp:featuredmedia":[{"embeddable":true,"href":"https:\/\/grusco.cat\/fr\/wp-json\/wp\/v2\/media\/1014"}],"wp:attachment":[{"href":"https:\/\/grusco.cat\/fr\/wp-json\/wp\/v2\/media?parent=1012"}],"wp:term":[{"taxonomy":"product_brand","embeddable":true,"href":"https:\/\/grusco.cat\/fr\/wp-json\/wp\/v2\/product_brand?post=1012"},{"taxonomy":"product_cat","embeddable":true,"href":"https:\/\/grusco.cat\/fr\/wp-json\/wp\/v2\/product_cat?post=1012"},{"taxonomy":"product_tag","embeddable":true,"href":"https:\/\/grusco.cat\/fr\/wp-json\/wp\/v2\/product_tag?post=1012"}],"curies":[{"name":"wp","href":"https:\/\/api.w.org\/{rel}","templated":true}]}}