{"id":980,"date":"2017-10-25T06:38:16","date_gmt":"2017-10-25T04:38:16","guid":{"rendered":"https:\/\/gisproves.com\/producto\/huile-dolive-vierge-extra-5-litres\/"},"modified":"2026-03-30T16:03:53","modified_gmt":"2026-03-30T14:03:53","slug":"huile-dolive-vierge-extra-5-litres","status":"publish","type":"product","link":"https:\/\/grusco.cat\/fr\/producto\/huile-dolive-vierge-extra-5-litres\/","title":{"rendered":"Huile d\u2019olive vierge extra 5 litres"},"content":{"rendered":"<p>POUR 100 G<\/p>\n<p>VALEUR \u00c9NERG\u00c9TIQUE 3700 KJ\/900 KCAL<\/p>\n<p>PROT\u00c9INES 0 GRAMME<\/p>\n<p>GLUCIDES 0 GRAMME<\/p>\n<p>CHOLEST\u00c9ROL 0 MG<\/p>\n<p>SEL 0 MG<\/p>\n<p>MATI\u00c8RES GRASSES<\/p>\n<ul>\n<li>TOTALES 100 GRAMMES<\/li>\n<li>ACIDES GRAS SATUR\u00c9S 15,4 GRAMMES<\/li>\n<li>ACIDES GRAS MONOINSATUR\u00c9S 78,6 GRAMMES<\/li>\n<li>ACIDES GRAS POLYINSATUR\u00c9S 6 GRAMMES<\/li>\n<li>ACIDES GRAS TRANS &lt;0,1 GRAMME<\/li>\n<\/ul>\n<p>CONSERVER \u00c0 L&rsquo;ABRI DE LA LUMI\u00c8RE ET DES SOURCES DE CHALEUR<\/p>\n","protected":false},"excerpt":{"rendered":"<p>POUR 100 G VALEUR \u00c9NERG\u00c9TIQUE 3700 KJ\/900 KCAL PROT\u00c9INES 0 GRAMME GLUCIDES 0 GRAMME CHOLEST\u00c9ROL 0 MG SEL 0 MG MATI\u00c8RES GRASSES TOTALES 100 GRAMMES ACIDES GRAS SATUR\u00c9S 15,4 GRAMMES ACIDES GRAS MONOINSATUR\u00c9S 78,6 GRAMMES ACIDES GRAS POLYINSATUR\u00c9S 6 GRAMMES ACIDES GRAS TRANS &lt;0,1 GRAMME CONSERVER \u00c0 L&rsquo;ABRI DE LA LUMI\u00c8RE ET DES SOURCES DE [&hellip;]<\/p>\n","protected":false},"featured_media":1089,"comment_status":"open","ping_status":"closed","template":"","meta":[],"product_brand":[],"product_cat":[60,66],"product_tag":[],"class_list":{"0":"post-980","1":"product","2":"type-product","3":"status-publish","4":"has-post-thumbnail","6":"product_cat-huile-dolive","7":"product_cat-vierge-extra","8":"product_shipping_class-huile","10":"first","11":"instock","12":"taxable","13":"shipping-taxable","14":"purchasable","15":"product-type-simple"},"_links":{"self":[{"href":"https:\/\/grusco.cat\/fr\/wp-json\/wp\/v2\/product\/980","targetHints":{"allow":["GET"]}}],"collection":[{"href":"https:\/\/grusco.cat\/fr\/wp-json\/wp\/v2\/product"}],"about":[{"href":"https:\/\/grusco.cat\/fr\/wp-json\/wp\/v2\/types\/product"}],"replies":[{"embeddable":true,"href":"https:\/\/grusco.cat\/fr\/wp-json\/wp\/v2\/comments?post=980"}],"wp:featuredmedia":[{"embeddable":true,"href":"https:\/\/grusco.cat\/fr\/wp-json\/wp\/v2\/media\/1089"}],"wp:attachment":[{"href":"https:\/\/grusco.cat\/fr\/wp-json\/wp\/v2\/media?parent=980"}],"wp:term":[{"taxonomy":"product_brand","embeddable":true,"href":"https:\/\/grusco.cat\/fr\/wp-json\/wp\/v2\/product_brand?post=980"},{"taxonomy":"product_cat","embeddable":true,"href":"https:\/\/grusco.cat\/fr\/wp-json\/wp\/v2\/product_cat?post=980"},{"taxonomy":"product_tag","embeddable":true,"href":"https:\/\/grusco.cat\/fr\/wp-json\/wp\/v2\/product_tag?post=980"}],"curies":[{"name":"wp","href":"https:\/\/api.w.org\/{rel}","templated":true}]}}